{"id":195,"date":"2024-09-17T00:49:13","date_gmt":"2024-09-17T00:49:13","guid":{"rendered":"https:\/\/www.ferma100.al\/?page_id=195"},"modified":"2025-08-03T09:08:36","modified_gmt":"2025-08-03T09:08:36","slug":"restorant","status":"publish","type":"page","link":"https:\/\/www.ferma100.al\/it\/restorant\/","title":{"rendered":"Ristorante"},"content":{"rendered":"<section class=\"l-section wpb_row us_custom_bd817387 height_auto with_video\"><div id=\"us_bg_video_iff4\" class=\"l-section-video\"><script>!function(w){var node = document.getElementById( 'us_bg_video_iff4' );if ( w.innerWidth <= 100 ) { node.remove() }}(window);<\/script><style>@media(max-width:100px){#us_bg_video_iff4{display:none!important}}<\/style><video  autoplay loop muted playsinline preload=\"auto\"><source type=\"video\/mp4\" src=\"https:\/\/www.ferma100.al\/wp-content\/uploads\/2024\/09\/FERMA100.mp4\" \/><\/video><\/div><div class=\"l-section-overlay\" style=\"background:linear-gradient(90deg,rgba(125,89,73,0.50),rgba(0,0,0,0.50))\"><\/div><div class=\"l-section-h i-cf\"><div class=\"g-cols vc_row via_flex valign_top type_default stacking_default\"><div class=\"vc_col-sm-12 wpb_column vc_column_container\"><div class=\"vc_column-inner\"><div class=\"wpb_wrapper\"><div class=\"w-separator size_custom\" style=\"height:200px\"><\/div><div class=\"wpb_text_column us_custom_6ace9d5d has_text_color\"><div class=\"wpb_wrapper\"><p>Ristorante Ferma100<\/p>\n<\/div><\/div><div class=\"w-separator size_small\"><\/div><nav class=\"g-breadcrumbs us_custom_21e7c600 has_text_color separator_custom align_left\" itemscope itemtype=\"http:\/\/schema.org\/BreadcrumbList\"><div class=\"g-breadcrumbs-item\" itemscope itemprop=\"itemListElement\" itemtype=\"http:\/\/schema.org\/ListItem\"><a itemprop=\"item\" href=\"https:\/\/www.ferma100.al\/it\/\"><span itemprop=\"name\">Casa<\/span><\/a><meta itemprop=\"position\" content=\"1\"\/><\/div><div class=\"g-breadcrumbs-separator\">\/<\/div><div class=\"g-breadcrumbs-item\">Pagina<\/div><\/nav><div class=\"w-separator size_custom\" style=\"height:200px\"><\/div><\/div><\/div><\/div><\/div><\/div><\/section><section class=\"l-section wpb_row height_medium\"><div class=\"l-section-h i-cf\"><div class=\"g-cols vc_row via_flex valign_top type_default stacking_default\"><div class=\"vc_col-sm-12 wpb_column vc_column_container\"><div class=\"vc_column-inner\"><div class=\"wpb_wrapper\"><div class=\"wpb_text_column us_custom_f73f4019\"><div class=\"wpb_wrapper\"><p style=\"text-align: center;\">Il Ristorante Ferma 100, fondato nel 2021, \u00e8 un luogo unico che offre colazioni, pranzi e cene in un ambiente caldo e accogliente. Il men\u00f9 del ristorante si concentra su piatti tradizionali e mediterranei, preparati con ingredienti biologici 100% provenienti dai terreni dell&#039;azienda agricola.<\/p>\n<p style=\"text-align: center;\">Ogni pasto \u00e8 un&#039;esperienza culinaria unica, con piatti ricchi di sapori autentici e freschezza naturale. Dalle colazioni calde e salutari ai pranzi e alle cene pi\u00f9 gustose, Ferma 100 offre un&#039;esperienza indimenticabile in ogni momento della giornata. L&#039;ambiente rilassante e naturale del ristorante crea l&#039;atmosfera perfetta per gustare piatti di alta qualit\u00e0 e trascorrere momenti piacevoli.<\/p>\n<\/div><\/div><\/div><\/div><\/div><\/div><\/div><\/section><section class=\"l-section wpb_row us_custom_e33a779c height_medium\"><div class=\"l-section-h i-cf\"><div class=\"g-cols vc_row via_flex valign_top type_default stacking_default\"><div class=\"vc_col-sm-6 wpb_column vc_column_container stretched\"><div class=\"vc_column-inner\"><div class=\"wpb_wrapper\"><div class=\"wpb_text_column\"><div class=\"wpb_wrapper\"><p><iframe loading=\"lazy\" title=\"Piatti tradizionali ricchi di sapore e aroma speciale da Ferma100!\" src=\"https:\/\/www.youtube.com\/embed\/yaay6KIvnCI\" width=\"1236\" height=\"555\" frameborder=\"0\" allowfullscreen=\"allowfullscreen\"><\/iframe><\/p>\n<\/div><\/div><\/div><\/div><\/div><div class=\"vc_col-sm-6 wpb_column vc_column_container\"><div class=\"vc_column-inner\"><div class=\"wpb_wrapper\"><div class=\"w-separator size_medium\"><\/div><div class=\"wpb_text_column us_custom_bc1658d5 has_text_color\"><div class=\"wpb_wrapper\"><p>\u2026dalla fattoria alla tavola, come ci insegna la natura!<\/p>\n<\/div><\/div><div class=\"w-separator size_medium\"><\/div><div class=\"wpb_text_column\"><div class=\"wpb_wrapper\"><p>Al Ristorante Ferma 100, ogni pasto \u00e8 un&#039;esperienza straordinaria che unisce il gusto eccellente alla bellezza della natura. Tutti i colori della natura si riflettono sul vostro piatto, offrendo un ricco men\u00f9 tradizionale e mediterraneo che soddisfa gusti e preferenze alimentari diversi.<\/p>\n<p>Durante la cena potrete gustare piatti preparati con gli ingredienti pi\u00f9 freschi provenienti dalla nostra azienda agricola, ricchi di sapore e cura.<\/p>\n<p>Il ristorante offre un&#039;atmosfera vivace, che potrete apprezzare nei suoi interni luminosi e caldi oppure, se il tempo \u00e8 bello, nella zona pranzo all&#039;aperto.<\/p>\n<p>Dai tavoli all&#039;aperto, potrete godere di una vista panoramica mozzafiato sulle colline e le montagne che circondano Tirana, rendendo ogni pasto speciale e indimenticabile. Questa cornice rilassante e suggestiva crea un&#039;esperienza completa che unisce l&#039;eccellenza del cibo alla bellezza della natura circostante.<\/p>\n<\/div><\/div><\/div><\/div><\/div><\/div><\/div><\/section><section class=\"l-section wpb_row height_medium\"><div class=\"l-section-h i-cf\"><div class=\"g-cols vc_row via_flex valign_top type_default stacking_default\"><div class=\"vc_col-sm-12 wpb_column vc_column_container\"><div class=\"vc_column-inner\"><div class=\"wpb_wrapper\"><div class=\"wpb_text_column us_custom_8c5e4691 has_text_color\"><div class=\"wpb_wrapper\"><p style=\"text-align: center;\">Esplora il nostro ristorante<\/p>\n<\/div><\/div><div class=\"w-separator size_medium\"><\/div><div class=\"w-grid type_masonry layout_gallery_default hidden cols_4 with_isotope\" id=\"us_grid_1\" style=\"--gap:0.2rem;\" data-filterable=\"true\"><style>@media (max-width:1380px){#us_grid_1 .w-grid-item{width:33.3333%}}@media (max-width:1024px){#us_grid_1 .w-grid-item{width:50%}}@media (max-width:600px){#us_grid_1 .w-grid-list{margin:0}#us_grid_1 .w-grid-item{width:100%;padding:0;margin-bottom:var(--gap,0px)}}.layout_gallery_default .w-grid-item-h{}<\/style><div class=\"w-grid-list\"><\/div><div class=\"w-grid-preloader\">\t<div class=\"g-preloader type_1\">\r\n\t\t<div><\/div>\r\n\t<\/div>\r\n\t<\/div>\t<div class=\"w-grid-json hidden\" onclick='return {&quot;action&quot;:&quot;us_ajax_grid&quot;,&quot;infinite_scroll&quot;:0,&quot;max_num_pages&quot;:0,&quot;pagination&quot;:&quot;none&quot;,&quot;template_vars&quot;:{&quot;columns&quot;:&quot;4&quot;,&quot;exclude_items&quot;:&quot;none&quot;,&quot;img_size&quot;:&quot;default&quot;,&quot;ignore_items_size&quot;:&quot;1&quot;,&quot;items_layout&quot;:&quot;gallery_default&quot;,&quot;items_offset&quot;:&quot;1&quot;,&quot;load_animation&quot;:&quot;none&quot;,&quot;overriding_link&quot;:&quot;%7B%22type%22%3A%22popup_image%22%7D&quot;,&quot;post_id&quot;:0,&quot;query_args&quot;:{&quot;post_type&quot;:[&quot;attachment&quot;],&quot;post__in&quot;:[&quot;151&quot;,&quot;119&quot;,&quot;383&quot;,&quot;382&quot;,&quot;366&quot;,&quot;359&quot;,&quot;360&quot;,&quot;367&quot;,&quot;361&quot;,&quot;362&quot;,&quot;363&quot;,&quot;364&quot;,&quot;358&quot;,&quot;365&quot;],&quot;post_status&quot;:&quot;inherit&quot;,&quot;post_mime_type&quot;:&quot;image&quot;,&quot;posts_per_page&quot;:&quot;22&quot;},&quot;orderby_query_args&quot;:{&quot;orderby&quot;:{&quot;date&quot;:&quot;DESC&quot;}},&quot;type&quot;:&quot;masonry&quot;,&quot;us_grid_post_type&quot;:&quot;attachment&quot;,&quot;us_grid_ajax_index&quot;:1,&quot;us_grid_filter_query_string&quot;:null,&quot;us_grid_index&quot;:1,&quot;page_args&quot;:[]}}'><\/div>\r\n\t<\/div><div class=\"w-grid-none type_message\">Nessun risultato trovato.<\/div><\/div><\/div><\/div><\/div><\/div><\/section>","protected":false},"excerpt":{"rendered":"Restoranti Ferma100 Home\/PagineRestoranti i Ferma 100, i themeluar n\u00eb vitin 2021, \u00ebsht\u00eb nj\u00eb destinacion unik q\u00eb ofron m\u00ebngjes, drek\u00eb dhe dark\u00eb n\u00eb nj\u00eb ambient t\u00eb ngroht\u00eb dhe t\u00eb k\u00ebndsh\u00ebm. Menuja e restorantit \u00ebsht\u00eb e p\u00ebrqendruar n\u00eb gatimet tradicionale dhe mesdhetare, t\u00eb p\u00ebrgatitura me p\u00ebrb\u00ebr\u00ebs 100% bio nga tokat e ferm\u00ebs. \u00c7do vakt \u00ebsht\u00eb nj\u00eb p\u00ebrvoj\u00eb...","protected":false},"author":1,"featured_media":0,"parent":0,"menu_order":0,"comment_status":"closed","ping_status":"closed","template":"","meta":{"inline_featured_image":false,"footnotes":""},"class_list":["post-195","page","type-page","status-publish","hentry"],"_links":{"self":[{"href":"https:\/\/www.ferma100.al\/it\/wp-json\/wp\/v2\/pages\/195","targetHints":{"allow":["GET"]}}],"collection":[{"href":"https:\/\/www.ferma100.al\/it\/wp-json\/wp\/v2\/pages"}],"about":[{"href":"https:\/\/www.ferma100.al\/it\/wp-json\/wp\/v2\/types\/page"}],"author":[{"embeddable":true,"href":"https:\/\/www.ferma100.al\/it\/wp-json\/wp\/v2\/users\/1"}],"replies":[{"embeddable":true,"href":"https:\/\/www.ferma100.al\/it\/wp-json\/wp\/v2\/comments?post=195"}],"version-history":[{"count":0,"href":"https:\/\/www.ferma100.al\/it\/wp-json\/wp\/v2\/pages\/195\/revisions"}],"wp:attachment":[{"href":"https:\/\/www.ferma100.al\/it\/wp-json\/wp\/v2\/media?parent=195"}],"curies":[{"name":"parola chiave","href":"https:\/\/api.w.org\/{rel}","templated":true}]}}