{"id":316,"date":"2025-07-28T19:41:44","date_gmt":"2025-07-28T19:41:44","guid":{"rendered":"https:\/\/www.ferma100.al\/?page_id=316"},"modified":"2025-08-09T09:07:57","modified_gmt":"2025-08-09T09:07:57","slug":"festa","status":"publish","type":"page","link":"https:\/\/www.ferma100.al\/en\/festa\/","title":{"rendered":"Holiday"},"content":{"rendered":"<section class=\"l-section wpb_row us_custom_bd817387 height_auto with_video\"><div id=\"us_bg_video_z342\" class=\"l-section-video\"><script>!function(w){var node = document.getElementById( 'us_bg_video_z342' );if ( w.innerWidth <= 100 ) { node.remove() }}(window);<\/script><style>@media(max-width:100px){#us_bg_video_z342{display:none!important}}<\/style><video  autoplay loop muted playsinline preload=\"auto\"><source type=\"video\/mp4\" src=\"https:\/\/www.ferma100.al\/wp-content\/uploads\/2025\/07\/SnapInsta.to_AQMLD-WYrZm_BIfnvgaKImMLF-zOIrhVYDn0kEE08UrMtTmML0TTXZrOoBZMgShrxStfS2nFlbRZywfb9IjD2IQdQ91SZzVCgoJJ3gA.mp4\" \/><\/video><\/div><div class=\"l-section-overlay\" style=\"background:linear-gradient(90deg,rgba(125,89,73,0.50),rgba(0,0,0,0.50))\"><\/div><div class=\"l-section-h i-cf\"><div class=\"g-cols vc_row via_flex valign_top type_default stacking_default\"><div class=\"vc_col-sm-12 wpb_column vc_column_container\"><div class=\"vc_column-inner\"><div class=\"wpb_wrapper\"><div class=\"w-separator size_custom\" style=\"height:200px\"><\/div><div class=\"wpb_text_column us_custom_6ace9d5d has_text_color\"><div class=\"wpb_wrapper\"><p>Holiday<\/p>\n<\/div><\/div><div class=\"w-separator size_small\"><\/div><nav class=\"g-breadcrumbs us_custom_21e7c600 has_text_color separator_custom align_left\" itemscope itemtype=\"http:\/\/schema.org\/BreadcrumbList\"><div class=\"g-breadcrumbs-item\" itemscope itemprop=\"itemListElement\" itemtype=\"http:\/\/schema.org\/ListItem\"><a itemprop=\"item\" href=\"https:\/\/www.ferma100.al\/en\/\"><span itemprop=\"name\">Home<\/span><\/a><meta itemprop=\"position\" content=\"1\"\/><\/div><div class=\"g-breadcrumbs-separator\">\/<\/div><div class=\"g-breadcrumbs-item\">Pages<\/div><\/nav><div class=\"w-separator size_custom\" style=\"height:200px\"><\/div><\/div><\/div><\/div><\/div><\/div><\/section><section class=\"l-section wpb_row height_medium\"><div class=\"l-section-h i-cf\"><div class=\"g-cols vc_row via_flex valign_top type_default stacking_default\"><div class=\"vc_col-sm-12 wpb_column vc_column_container\"><div class=\"vc_column-inner\"><div class=\"wpb_wrapper\"><div class=\"wpb_text_column us_custom_f73f4019\"><div class=\"wpb_wrapper\"><p style=\"text-align: center;\">Holidays at Ferma100 are more than celebrations, they are memories that last. With warm decorations, music, activities and selected food, every holiday at Ferma100 is unique and filled with beautiful feelings.<\/p>\n<\/div><\/div><\/div><\/div><\/div><\/div><\/div><\/section><section class=\"l-section wpb_row height_medium\"><div class=\"l-section-h i-cf\"><div class=\"g-cols vc_row via_flex valign_top type_default stacking_default\"><div class=\"vc_col-sm-12 wpb_column vc_column_container\"><div class=\"vc_column-inner\"><div class=\"wpb_wrapper\"><div class=\"wpb_text_column us_custom_8c5e4691 has_text_color\"><div class=\"wpb_wrapper\"><p style=\"text-align: center;\">Explore Holidays<\/p>\n<\/div><\/div><div class=\"w-separator size_medium\"><\/div><div class=\"w-grid type_masonry layout_gallery_default hidden cols_4 with_isotope\" id=\"us_grid_1\" style=\"--gap:0.2rem;\" data-filterable=\"true\"><style>@media (max-width:1380px){#us_grid_1 .w-grid-item{width:33.3333%}}@media (max-width:1024px){#us_grid_1 .w-grid-item{width:50%}}@media (max-width:600px){#us_grid_1 .w-grid-list{margin:0}#us_grid_1 .w-grid-item{width:100%;padding:0;margin-bottom:var(--gap,0px)}}.layout_gallery_default .w-grid-item-h{}<\/style><div class=\"w-grid-list\"><\/div><div class=\"w-grid-preloader\">\t<div class=\"g-preloader type_1\">\r\n\t\t<div><\/div>\r\n\t<\/div>\r\n\t<\/div>\t<div class=\"w-grid-json hidden\" onclick='return {&quot;action&quot;:&quot;us_ajax_grid&quot;,&quot;infinite_scroll&quot;:0,&quot;max_num_pages&quot;:0,&quot;pagination&quot;:&quot;none&quot;,&quot;template_vars&quot;:{&quot;columns&quot;:&quot;4&quot;,&quot;exclude_items&quot;:&quot;none&quot;,&quot;img_size&quot;:&quot;default&quot;,&quot;ignore_items_size&quot;:&quot;1&quot;,&quot;items_layout&quot;:&quot;gallery_default&quot;,&quot;items_offset&quot;:&quot;1&quot;,&quot;load_animation&quot;:&quot;none&quot;,&quot;overriding_link&quot;:&quot;%7B%22type%22%3A%22popup_image%22%7D&quot;,&quot;post_id&quot;:0,&quot;query_args&quot;:{&quot;post_type&quot;:[&quot;attachment&quot;],&quot;post__in&quot;:[&quot;499&quot;,&quot;498&quot;,&quot;497&quot;,&quot;496&quot;,&quot;495&quot;,&quot;494&quot;,&quot;493&quot;,&quot;492&quot;,&quot;491&quot;,&quot;490&quot;,&quot;489&quot;],&quot;post_status&quot;:&quot;inherit&quot;,&quot;post_mime_type&quot;:&quot;image&quot;,&quot;posts_per_page&quot;:&quot;10&quot;},&quot;orderby_query_args&quot;:{&quot;orderby&quot;:{&quot;date&quot;:&quot;DESC&quot;}},&quot;type&quot;:&quot;masonry&quot;,&quot;us_grid_post_type&quot;:&quot;attachment&quot;,&quot;us_grid_ajax_index&quot;:1,&quot;us_grid_filter_query_string&quot;:null,&quot;us_grid_index&quot;:1,&quot;page_args&quot;:[]}}'><\/div>\r\n\t<\/div><div class=\"w-grid-none type_message\">No results found.<\/div><\/div><\/div><\/div><\/div><\/div><\/section>","protected":false},"excerpt":{"rendered":"Festa Home\/PagesFestat te ne jan\u00eb m\u00eb shum\u00eb se festime, jan\u00eb kujtime q\u00eb mbeten. Me dekore t\u00eb ngrohta, muzik\u00eb, aktivitete dhe ushqim t\u00eb p\u00ebrzgjedhur, \u00e7do fest\u00eb n\u00eb Ferma100 \u00ebsht\u00eb unike dhe e mbushur me ndjesi t\u00eb bukura. Eksploro Festat No results found.","protected":false},"author":2,"featured_media":0,"parent":0,"menu_order":0,"comment_status":"closed","ping_status":"closed","template":"","meta":{"inline_featured_image":false,"footnotes":""},"class_list":["post-316","page","type-page","status-publish","hentry"],"_links":{"self":[{"href":"https:\/\/www.ferma100.al\/en\/wp-json\/wp\/v2\/pages\/316","targetHints":{"allow":["GET"]}}],"collection":[{"href":"https:\/\/www.ferma100.al\/en\/wp-json\/wp\/v2\/pages"}],"about":[{"href":"https:\/\/www.ferma100.al\/en\/wp-json\/wp\/v2\/types\/page"}],"author":[{"embeddable":true,"href":"https:\/\/www.ferma100.al\/en\/wp-json\/wp\/v2\/users\/2"}],"replies":[{"embeddable":true,"href":"https:\/\/www.ferma100.al\/en\/wp-json\/wp\/v2\/comments?post=316"}],"version-history":[{"count":0,"href":"https:\/\/www.ferma100.al\/en\/wp-json\/wp\/v2\/pages\/316\/revisions"}],"wp:attachment":[{"href":"https:\/\/www.ferma100.al\/en\/wp-json\/wp\/v2\/media?parent=316"}],"curies":[{"name":"wp","href":"https:\/\/api.w.org\/{rel}","templated":true}]}}